{"id":148,"date":"2020-08-28T19:31:26","date_gmt":"2020-08-28T19:31:26","guid":{"rendered":"https:\/\/underbartskapad.com\/sample-page-svenska\/"},"modified":"2024-04-11T11:33:46","modified_gmt":"2024-04-11T10:33:46","slug":"sample-page-svenska","status":"publish","type":"page","link":"https:\/\/underbartskapad.com\/sv\/sample-page-svenska\/","title":{"rendered":""},"content":{"rendered":"\n<figure class=\"wp-block-gallery has-nested-images columns-default is-cropped wp-block-gallery-1 is-layout-flex wp-block-gallery-is-layout-flex\">\n<figure class=\"wp-block-image size-large\"><a href=\"https:\/\/underbartskapad.com\/sv\/category\/identitet-sv\/\"><img data-recalc-dims=\"1\" fetchpriority=\"high\" decoding=\"async\" width=\"960\" height=\"960\" data-id=\"3987\" src=\"https:\/\/i0.wp.com\/underbartskapad.com\/wp-content\/uploads\/2024\/03\/Underbartskapad.png?resize=960%2C960&#038;ssl=1\" alt=\"\" class=\"wp-image-3987\" srcset=\"https:\/\/i0.wp.com\/underbartskapad.com\/wp-content\/uploads\/2024\/03\/Underbartskapad.png?resize=1024%2C1024&amp;ssl=1 1024w, https:\/\/i0.wp.com\/underbartskapad.com\/wp-content\/uploads\/2024\/03\/Underbartskapad.png?resize=300%2C300&amp;ssl=1 300w, https:\/\/i0.wp.com\/underbartskapad.com\/wp-content\/uploads\/2024\/03\/Underbartskapad.png?resize=150%2C150&amp;ssl=1 150w, https:\/\/i0.wp.com\/underbartskapad.com\/wp-content\/uploads\/2024\/03\/Underbartskapad.png?resize=768%2C768&amp;ssl=1 768w, https:\/\/i0.wp.com\/underbartskapad.com\/wp-content\/uploads\/2024\/03\/Underbartskapad.png?resize=12%2C12&amp;ssl=1 12w, https:\/\/i0.wp.com\/underbartskapad.com\/wp-content\/uploads\/2024\/03\/Underbartskapad.png?resize=75%2C75&amp;ssl=1 75w, https:\/\/i0.wp.com\/underbartskapad.com\/wp-content\/uploads\/2024\/03\/Underbartskapad.png?w=1080&amp;ssl=1 1080w\" sizes=\"(max-width: 960px) 100vw, 960px\" \/><\/a><\/figure>\n\n\n\n<figure class=\"wp-block-image size-large\"><a href=\"https:\/\/underbartskapad.com\/sv\/category\/gratis-malarbilder-sv\/\"><img data-recalc-dims=\"1\" decoding=\"async\" width=\"960\" height=\"960\" data-id=\"3988\" data-src=\"https:\/\/i0.wp.com\/underbartskapad.com\/wp-content\/uploads\/2024\/03\/gratismalarbilder.png?resize=960%2C960&#038;ssl=1\" alt=\"\" class=\"wp-image-3988 lazyload\" data-srcset=\"https:\/\/i0.wp.com\/underbartskapad.com\/wp-content\/uploads\/2024\/03\/gratismalarbilder.png?resize=1024%2C1024&amp;ssl=1 1024w, https:\/\/i0.wp.com\/underbartskapad.com\/wp-content\/uploads\/2024\/03\/gratismalarbilder.png?resize=300%2C300&amp;ssl=1 300w, https:\/\/i0.wp.com\/underbartskapad.com\/wp-content\/uploads\/2024\/03\/gratismalarbilder.png?resize=150%2C150&amp;ssl=1 150w, https:\/\/i0.wp.com\/underbartskapad.com\/wp-content\/uploads\/2024\/03\/gratismalarbilder.png?resize=768%2C768&amp;ssl=1 768w, https:\/\/i0.wp.com\/underbartskapad.com\/wp-content\/uploads\/2024\/03\/gratismalarbilder.png?resize=12%2C12&amp;ssl=1 12w, https:\/\/i0.wp.com\/underbartskapad.com\/wp-content\/uploads\/2024\/03\/gratismalarbilder.png?resize=75%2C75&amp;ssl=1 75w, https:\/\/i0.wp.com\/underbartskapad.com\/wp-content\/uploads\/2024\/03\/gratismalarbilder.png?w=1080&amp;ssl=1 1080w\" data-sizes=\"(max-width: 960px) 100vw, 960px\" src=\"data:image\/svg+xml;base64,PHN2ZyB3aWR0aD0iMSIgaGVpZ2h0PSIxIiB4bWxucz0iaHR0cDovL3d3dy53My5vcmcvMjAwMC9zdmciPjwvc3ZnPg==\" style=\"--smush-placeholder-width: 960px; --smush-placeholder-aspect-ratio: 960\/960;\" \/><\/a><\/figure>\n\n\n\n<figure class=\"wp-block-image size-large\"><a href=\"https:\/\/underbartskapad.com\/sv\/category\/pyssel-sv\/\"><img data-recalc-dims=\"1\" decoding=\"async\" width=\"960\" height=\"960\" data-id=\"3990\" data-src=\"https:\/\/i0.wp.com\/underbartskapad.com\/wp-content\/uploads\/2024\/03\/Pyssel.png?resize=960%2C960&#038;ssl=1\" alt=\"\" class=\"wp-image-3990 lazyload\" data-srcset=\"https:\/\/i0.wp.com\/underbartskapad.com\/wp-content\/uploads\/2024\/03\/Pyssel.png?resize=1024%2C1024&amp;ssl=1 1024w, https:\/\/i0.wp.com\/underbartskapad.com\/wp-content\/uploads\/2024\/03\/Pyssel.png?resize=300%2C300&amp;ssl=1 300w, https:\/\/i0.wp.com\/underbartskapad.com\/wp-content\/uploads\/2024\/03\/Pyssel.png?resize=150%2C150&amp;ssl=1 150w, https:\/\/i0.wp.com\/underbartskapad.com\/wp-content\/uploads\/2024\/03\/Pyssel.png?resize=768%2C768&amp;ssl=1 768w, https:\/\/i0.wp.com\/underbartskapad.com\/wp-content\/uploads\/2024\/03\/Pyssel.png?resize=12%2C12&amp;ssl=1 12w, https:\/\/i0.wp.com\/underbartskapad.com\/wp-content\/uploads\/2024\/03\/Pyssel.png?resize=75%2C75&amp;ssl=1 75w, https:\/\/i0.wp.com\/underbartskapad.com\/wp-content\/uploads\/2024\/03\/Pyssel.png?w=1080&amp;ssl=1 1080w\" data-sizes=\"(max-width: 960px) 100vw, 960px\" src=\"data:image\/svg+xml;base64,PHN2ZyB3aWR0aD0iMSIgaGVpZ2h0PSIxIiB4bWxucz0iaHR0cDovL3d3dy53My5vcmcvMjAwMC9zdmciPjwvc3ZnPg==\" style=\"--smush-placeholder-width: 960px; --smush-placeholder-aspect-ratio: 960\/960;\" \/><\/a><\/figure>\n<\/figure>\n\n\n\n<figure class=\"wp-block-image size-large\"><img data-recalc-dims=\"1\" decoding=\"async\" width=\"960\" height=\"94\" data-src=\"https:\/\/i0.wp.com\/underbartskapad.com\/wp-content\/uploads\/2020\/09\/space-1.png?resize=960%2C94&#038;ssl=1\" alt=\"\" class=\"wp-image-511 lazyload\" data-srcset=\"https:\/\/i0.wp.com\/underbartskapad.com\/wp-content\/uploads\/2020\/09\/space-1.png?resize=1024%2C100&amp;ssl=1 1024w, https:\/\/i0.wp.com\/underbartskapad.com\/wp-content\/uploads\/2020\/09\/space-1.png?resize=300%2C29&amp;ssl=1 300w, https:\/\/i0.wp.com\/underbartskapad.com\/wp-content\/uploads\/2020\/09\/space-1.png?resize=768%2C75&amp;ssl=1 768w, https:\/\/i0.wp.com\/underbartskapad.com\/wp-content\/uploads\/2020\/09\/space-1.png?resize=1536%2C151&amp;ssl=1 1536w, https:\/\/i0.wp.com\/underbartskapad.com\/wp-content\/uploads\/2020\/09\/space-1.png?resize=2048%2C201&amp;ssl=1 2048w, https:\/\/i0.wp.com\/underbartskapad.com\/wp-content\/uploads\/2020\/09\/space-1.png?resize=1140%2C112&amp;ssl=1 1140w, https:\/\/i0.wp.com\/underbartskapad.com\/wp-content\/uploads\/2020\/09\/space-1.png?resize=600%2C59&amp;ssl=1 600w, https:\/\/i0.wp.com\/underbartskapad.com\/wp-content\/uploads\/2020\/09\/space-1.png?w=1920&amp;ssl=1 1920w\" data-sizes=\"(max-width: 960px) 100vw, 960px\" src=\"data:image\/svg+xml;base64,PHN2ZyB3aWR0aD0iMSIgaGVpZ2h0PSIxIiB4bWxucz0iaHR0cDovL3d3dy53My5vcmcvMjAwMC9zdmciPjwvc3ZnPg==\" style=\"--smush-placeholder-width: 960px; --smush-placeholder-aspect-ratio: 960\/94;\" \/><\/figure>\n\n\n<div class=\"n2-section-smartslider fitvidsignore  n2_clear\" data-ssid=\"7\" tabindex=\"0\" role=\"region\" aria-label=\"Slider\"><div id=\"n2-ss-7-align\" class=\"n2-ss-align\"><div class=\"n2-padding\"><div id=\"n2-ss-7\" data-creator=\"Smart Slider 3\" data-responsive=\"auto\" class=\"n2-ss-slider n2-ow n2-has-hover n2notransition  \">\n        <div class=\"n2-ss-slider-1 n2-ow\">\n            <div class=\"n2-ss-slider-2 n2-ow\">\n                <div class=\"n2-ss-slide-backgrounds n2-ow-all\"><div class=\"n2-ss-slide-background\" data-public-id=\"1\" data-mode=\"fill\"><div class=\"n2-ss-slide-background-image\" data-blur=\"0\" data-opacity=\"100\" data-x=\"58\" data-y=\"57\" data-alt=\"\" data-title=\"\" style=\"--ss-o-pos-x:58%;--ss-o-pos-y:57%\"><picture class=\"skip-lazy jetpack-lazy-image\" data-skip-lazy=\"1\"><img decoding=\"async\" src=\"\/\/underbartskapad.com\/wp-content\/uploads\/2020\/09\/front11-1.jpg\" alt=\"\" title=\"\" loading=\"lazy\" class=\"skip-lazy jetpack-lazy-image\" data-skip-lazy=\"1\"><\/picture><\/div><div data-color=\"RGBA(255,255,255,1)\" style=\"background-color: RGBA(255,255,255,1);\" class=\"n2-ss-slide-background-color\"><\/div><\/div><\/div>                <div class=\"n2-ss-slider-3 n2-ow\">\n                    <svg xmlns=\"http:\/\/www.w3.org\/2000\/svg\" viewBox=\"0 0 1200 600\" data-related-device=\"desktopPortrait\" class=\"n2-ow n2-ss-preserve-size n2-ss-preserve-size--slider n2-ss-slide-limiter\"><\/svg><div data-first=\"1\" data-slide-duration=\"0\" data-id=\"15\" data-slide-public-id=\"1\" data-title=\"UNDERBART SKAPAD, vad vill vi s\u00e4ga med det?\" data-haslink=\"1\" data-href=\"https:\/\/underbartskapad.com\/sv\/om-oss\/\" tabindex=\"0\" role=\"button\" data-n2click=\"url\" data-force-pointer=\"\" class=\"n2-ss-slide n2-ow  n2-ss-slide-15\"><div role=\"note\" class=\"n2-ss-slide--focus\">UNDERBART SKAPAD, vad vill vi s\u00e4ga med det?<\/div><div class=\"n2-ss-layers-container n2-ss-slide-limiter n2-ow\"><div class=\"n2-ss-layer n2-ow n-uc-Edyv2iKAliml\" data-sstype=\"slide\" data-pm=\"default\"><div class=\"n2-ss-layer n2-ow n-uc-1a33556b8309e\" data-pm=\"default\" data-sstype=\"content\" data-hasbackground=\"0\"><div class=\"n2-ss-section-main-content n2-ss-layer-with-background n2-ss-layer-content n2-ow n-uc-1a33556b8309e-inner\"><div class=\"n2-ss-layer n2-ow n-uc-QjP0WpxJY7Ba\" data-pm=\"normal\" data-sstype=\"layer\"><div id=\"n2-ss-7item1\" class=\"n2-font-5ed759439ec95d9cf423218bfb723912-hover   n2-ss-item-content n2-ss-text n2-ow\" style=\"display:block;\">UNDERBART SKAPAD, vad vill vi s\u00e4ga med det?<\/div><\/div><div class=\"n2-ss-layer n2-ow n-uc-gUWsz7D7r2NT\" data-pm=\"normal\" data-sstype=\"layer\"><div class=\"n2-ss-item-content n2-ss-text n2-ow-all\"><div data-hide-desktoplandscape=\"1\" data-hide-desktopportrait=\"1\" data-hide-tabletlandscape=\"1\" data-hide-tabletportrait=\"1\"><p class=\"n2-font-f1fbb27fbfa91ea00f3a5dfbf43c8051-paragraph   \">Ordet SKAPA \u00e4r inspirationen bakom den h\u00e4r bloggen&#8230;<\/p>\n<\/div><div class=\"\" data-hide-mobilelandscape=\"1\" data-hide-mobileportrait=\"1\"><p class=\"n2-font-f1fbb27fbfa91ea00f3a5dfbf43c8051-paragraph   \">Ordet SKAPA \u00e4r inspirationen bakom den h\u00e4r bloggen. \u201cJag tackar dig f\u00f6r att jag \u00e4r s\u00e5 underbart skapad. Ja, underbara \u00e4r dina verk, min sj\u00e4l vet det s\u00e5 v\u00e4l.\u201dPs 139:14 Vi tror att var och en \u00e4r underbart skapade i Guds avbild. Vi tror att var och en \u00e4r skapade med syfte! P\u00e5 den h\u00e4r [\u2026]<\/p>\n<\/div><\/div><\/div><div class=\"n2-ss-layer n2-ow n-uc-I6c6kKn6J0gO n2-ss-layer--auto\" data-pm=\"normal\" data-sstype=\"layer\"><div class=\"n2-ss-button-container n2-ss-item-content n2-ow n2-font-84e292a8fbeb80cea5ed4e3cbad1bda8-link  n2-ss-nowrap n2-ss-button-container--non-full-width\"><a class=\"n2-style-72ede85297195c126e48b27674948988-heading  n2-ow \" href=\"https:\/\/underbartskapad.com\/sv\/om-oss\/\"><div><div>L\u00e4s mer<\/div><\/div><\/a><\/div><\/div><\/div><\/div><\/div><\/div><\/div>                <\/div>\n                            <\/div>\n        <\/div>\n        <\/div><ss3-loader><\/ss3-loader><\/div><\/div><div class=\"n2_clear\"><\/div><\/div>\n\n\n<figure class=\"wp-block-image size-large\"><img data-recalc-dims=\"1\" decoding=\"async\" width=\"960\" height=\"94\" data-src=\"https:\/\/i0.wp.com\/underbartskapad.com\/wp-content\/uploads\/2020\/09\/space-1.png?resize=960%2C94&#038;ssl=1\" alt=\"\" class=\"wp-image-511 lazyload\" data-srcset=\"https:\/\/i0.wp.com\/underbartskapad.com\/wp-content\/uploads\/2020\/09\/space-1.png?resize=1024%2C100&amp;ssl=1 1024w, https:\/\/i0.wp.com\/underbartskapad.com\/wp-content\/uploads\/2020\/09\/space-1.png?resize=300%2C29&amp;ssl=1 300w, https:\/\/i0.wp.com\/underbartskapad.com\/wp-content\/uploads\/2020\/09\/space-1.png?resize=768%2C75&amp;ssl=1 768w, https:\/\/i0.wp.com\/underbartskapad.com\/wp-content\/uploads\/2020\/09\/space-1.png?resize=1536%2C151&amp;ssl=1 1536w, https:\/\/i0.wp.com\/underbartskapad.com\/wp-content\/uploads\/2020\/09\/space-1.png?resize=2048%2C201&amp;ssl=1 2048w, https:\/\/i0.wp.com\/underbartskapad.com\/wp-content\/uploads\/2020\/09\/space-1.png?resize=1140%2C112&amp;ssl=1 1140w, https:\/\/i0.wp.com\/underbartskapad.com\/wp-content\/uploads\/2020\/09\/space-1.png?resize=600%2C59&amp;ssl=1 600w, https:\/\/i0.wp.com\/underbartskapad.com\/wp-content\/uploads\/2020\/09\/space-1.png?w=1920&amp;ssl=1 1920w\" data-sizes=\"(max-width: 960px) 100vw, 960px\" src=\"data:image\/svg+xml;base64,PHN2ZyB3aWR0aD0iMSIgaGVpZ2h0PSIxIiB4bWxucz0iaHR0cDovL3d3dy53My5vcmcvMjAwMC9zdmciPjwvc3ZnPg==\" style=\"--smush-placeholder-width: 960px; --smush-placeholder-aspect-ratio: 960\/94;\" \/><\/figure>\n\n\n\n<div class=\"is-style-columns wp-block-jetpack-tiled-gallery aligncenter\"><div class=\"tiled-gallery__gallery\"><div class=\"tiled-gallery__row\"><div class=\"tiled-gallery__col\" style=\"flex-basis:23.7663474245552%\"><figure class=\"tiled-gallery__item\"><img decoding=\"async\" data-srcset=\"https:\/\/i0.wp.com\/underbartskapad.com\/wp-content\/uploads\/2020\/09\/front11-1.jpg?strip=info&#038;w=600&#038;ssl=1 600w,https:\/\/i0.wp.com\/underbartskapad.com\/wp-content\/uploads\/2020\/09\/front11-1.jpg?strip=info&#038;w=800&#038;ssl=1 800w\" alt=\"\" data-height=\"1082\" data-id=\"378\" data-link=\"https:\/\/underbartskapad.com\/sv\/sample-page-svenska\/front11-2\/\" data-url=\"https:\/\/underbartskapad.com\/wp-content\/uploads\/2020\/09\/front11-1.jpg\" data-width=\"800\" data-src=\"https:\/\/i0.wp.com\/underbartskapad.com\/wp-content\/uploads\/2020\/09\/front11-1.jpg?ssl=1\" data-amp-layout=\"responsive\" src=\"data:image\/svg+xml;base64,PHN2ZyB3aWR0aD0iMSIgaGVpZ2h0PSIxIiB4bWxucz0iaHR0cDovL3d3dy53My5vcmcvMjAwMC9zdmciPjwvc3ZnPg==\" class=\"lazyload\" \/><\/figure><figure class=\"tiled-gallery__item\"><img decoding=\"async\" data-srcset=\"https:\/\/i1.wp.com\/underbartskapad.com\/wp-content\/uploads\/2020\/09\/front7-1.jpg?strip=info&#038;w=600&#038;ssl=1 600w,https:\/\/i1.wp.com\/underbartskapad.com\/wp-content\/uploads\/2020\/09\/front7-1.jpg?strip=info&#038;w=900&#038;ssl=1 900w,https:\/\/i1.wp.com\/underbartskapad.com\/wp-content\/uploads\/2020\/09\/front7-1.jpg?strip=info&#038;w=1200&#038;ssl=1 1200w\" alt=\"\" data-height=\"800\" data-id=\"380\" data-link=\"https:\/\/underbartskapad.com\/sv\/sample-page-svenska\/front7-1\/\" data-url=\"https:\/\/underbartskapad.com\/wp-content\/uploads\/2020\/09\/front7-1.jpg\" data-width=\"1200\" data-src=\"https:\/\/i1.wp.com\/underbartskapad.com\/wp-content\/uploads\/2020\/09\/front7-1.jpg?ssl=1\" data-amp-layout=\"responsive\" src=\"data:image\/svg+xml;base64,PHN2ZyB3aWR0aD0iMSIgaGVpZ2h0PSIxIiB4bWxucz0iaHR0cDovL3d3dy53My5vcmcvMjAwMC9zdmciPjwvc3ZnPg==\" class=\"lazyload\" \/><\/figure><figure class=\"tiled-gallery__item\"><img decoding=\"async\" data-srcset=\"https:\/\/i0.wp.com\/underbartskapad.com\/wp-content\/uploads\/2020\/09\/front8-1.png?strip=info&#038;w=600&#038;ssl=1 600w,https:\/\/i0.wp.com\/underbartskapad.com\/wp-content\/uploads\/2020\/09\/front8-1.png?strip=info&#038;w=900&#038;ssl=1 900w,https:\/\/i0.wp.com\/underbartskapad.com\/wp-content\/uploads\/2020\/09\/front8-1.png?strip=info&#038;w=1200&#038;ssl=1 1200w\" alt=\"\" data-height=\"800\" data-id=\"382\" data-link=\"https:\/\/underbartskapad.com\/sv\/sample-page-svenska\/front8-1\/\" data-url=\"https:\/\/underbartskapad.com\/wp-content\/uploads\/2020\/09\/front8-1.png\" data-width=\"1200\" data-src=\"https:\/\/i0.wp.com\/underbartskapad.com\/wp-content\/uploads\/2020\/09\/front8-1.png?ssl=1\" data-amp-layout=\"responsive\" src=\"data:image\/svg+xml;base64,PHN2ZyB3aWR0aD0iMSIgaGVpZ2h0PSIxIiB4bWxucz0iaHR0cDovL3d3dy53My5vcmcvMjAwMC9zdmciPjwvc3ZnPg==\" class=\"lazyload\" \/><\/figure><\/div><div class=\"tiled-gallery__col\" style=\"flex-basis:44.524195165243825%\"><figure class=\"tiled-gallery__item\"><img decoding=\"async\" data-srcset=\"https:\/\/i1.wp.com\/underbartskapad.com\/wp-content\/uploads\/2020\/09\/front5-1.jpg?strip=info&#038;w=600&#038;ssl=1 600w,https:\/\/i1.wp.com\/underbartskapad.com\/wp-content\/uploads\/2020\/09\/front5-1.jpg?strip=info&#038;w=900&#038;ssl=1 900w,https:\/\/i1.wp.com\/underbartskapad.com\/wp-content\/uploads\/2020\/09\/front5-1.jpg?strip=info&#038;w=1200&#038;ssl=1 1200w\" alt=\"\" data-height=\"800\" data-id=\"377\" data-link=\"https:\/\/underbartskapad.com\/sv\/sample-page-svenska\/front5-2\/\" data-url=\"https:\/\/underbartskapad.com\/wp-content\/uploads\/2020\/09\/front5-1.jpg\" data-width=\"1200\" data-src=\"https:\/\/i1.wp.com\/underbartskapad.com\/wp-content\/uploads\/2020\/09\/front5-1.jpg?ssl=1\" data-amp-layout=\"responsive\" src=\"data:image\/svg+xml;base64,PHN2ZyB3aWR0aD0iMSIgaGVpZ2h0PSIxIiB4bWxucz0iaHR0cDovL3d3dy53My5vcmcvMjAwMC9zdmciPjwvc3ZnPg==\" class=\"lazyload\" \/><\/figure><figure class=\"tiled-gallery__item\"><img decoding=\"async\" data-srcset=\"https:\/\/i2.wp.com\/underbartskapad.com\/wp-content\/uploads\/2020\/09\/Skapadef-2.png?strip=info&#038;w=600&#038;ssl=1 600w,https:\/\/i2.wp.com\/underbartskapad.com\/wp-content\/uploads\/2020\/09\/Skapadef-2.png?strip=info&#038;w=900&#038;ssl=1 900w,https:\/\/i2.wp.com\/underbartskapad.com\/wp-content\/uploads\/2020\/09\/Skapadef-2.png?strip=info&#038;w=1200&#038;ssl=1 1200w\" alt=\"\" data-height=\"917\" data-id=\"514\" data-link=\"https:\/\/underbartskapad.com\/sv\/sample-page-svenska\/skapadef-2\/\" data-url=\"https:\/\/underbartskapad.com\/wp-content\/uploads\/2020\/09\/Skapadef-2.png\" data-width=\"1200\" data-src=\"https:\/\/i2.wp.com\/underbartskapad.com\/wp-content\/uploads\/2020\/09\/Skapadef-2.png?ssl=1\" data-amp-layout=\"responsive\" src=\"data:image\/svg+xml;base64,PHN2ZyB3aWR0aD0iMSIgaGVpZ2h0PSIxIiB4bWxucz0iaHR0cDovL3d3dy53My5vcmcvMjAwMC9zdmciPjwvc3ZnPg==\" class=\"lazyload\" \/><\/figure><\/div><div class=\"tiled-gallery__col\" style=\"flex-basis:31.70945741020098%\"><figure class=\"tiled-gallery__item\"><img decoding=\"async\" data-srcset=\"https:\/\/i0.wp.com\/underbartskapad.com\/wp-content\/uploads\/2020\/09\/front13-2.jpg?strip=info&#038;w=600&#038;ssl=1 600w,https:\/\/i0.wp.com\/underbartskapad.com\/wp-content\/uploads\/2020\/09\/front13-2.jpg?strip=info&#038;w=900&#038;ssl=1 900w,https:\/\/i0.wp.com\/underbartskapad.com\/wp-content\/uploads\/2020\/09\/front13-2.jpg?strip=info&#038;w=1162&#038;ssl=1 1162w\" alt=\"\" data-height=\"800\" data-id=\"379\" data-link=\"https:\/\/underbartskapad.com\/sv\/sample-page-svenska\/front13-2\/\" data-url=\"https:\/\/underbartskapad.com\/wp-content\/uploads\/2020\/09\/front13-2.jpg\" data-width=\"1162\" data-src=\"https:\/\/i0.wp.com\/underbartskapad.com\/wp-content\/uploads\/2020\/09\/front13-2.jpg?ssl=1\" data-amp-layout=\"responsive\" src=\"data:image\/svg+xml;base64,PHN2ZyB3aWR0aD0iMSIgaGVpZ2h0PSIxIiB4bWxucz0iaHR0cDovL3d3dy53My5vcmcvMjAwMC9zdmciPjwvc3ZnPg==\" class=\"lazyload\" \/><\/figure><figure class=\"tiled-gallery__item\"><img decoding=\"async\" data-srcset=\"https:\/\/i0.wp.com\/underbartskapad.com\/wp-content\/uploads\/2020\/09\/front4-1.jpg?strip=info&#038;w=600&#038;ssl=1 600w,https:\/\/i0.wp.com\/underbartskapad.com\/wp-content\/uploads\/2020\/09\/front4-1.jpg?strip=info&#038;w=900&#038;ssl=1 900w,https:\/\/i0.wp.com\/underbartskapad.com\/wp-content\/uploads\/2020\/09\/front4-1.jpg?strip=info&#038;w=1000&#038;ssl=1 1000w\" alt=\"\" data-height=\"1333\" data-id=\"376\" data-link=\"https:\/\/underbartskapad.com\/sv\/sample-page-svenska\/front4-2\/\" data-url=\"https:\/\/underbartskapad.com\/wp-content\/uploads\/2020\/09\/front4-1.jpg\" data-width=\"1000\" data-src=\"https:\/\/i0.wp.com\/underbartskapad.com\/wp-content\/uploads\/2020\/09\/front4-1.jpg?ssl=1\" data-amp-layout=\"responsive\" src=\"data:image\/svg+xml;base64,PHN2ZyB3aWR0aD0iMSIgaGVpZ2h0PSIxIiB4bWxucz0iaHR0cDovL3d3dy53My5vcmcvMjAwMC9zdmciPjwvc3ZnPg==\" class=\"lazyload\" \/><\/figure><\/div><\/div><\/div><\/div>\n","protected":false},"excerpt":{"rendered":"","protected":false},"author":2,"featured_media":0,"parent":0,"menu_order":0,"comment_status":"closed","ping_status":"closed","template":"","meta":{"nf_dc_page":"","om_disable_all_campaigns":false,"_monsterinsights_skip_tracking":false,"_monsterinsights_sitenote_active":false,"_monsterinsights_sitenote_note":"","_monsterinsights_sitenote_category":0,"_uf_show_specific_survey":0,"_uf_disable_surveys":false,"footnotes":""},"class_list":["post-148","page","type-page","status-publish","hentry"],"yoast_head":"<!-- This site is optimized with the Yoast SEO plugin v27.4 - https:\/\/yoast.com\/product\/yoast-seo-wordpress\/ -->\n<title>- Underbart skapad<\/title>\n<meta name=\"robots\" content=\"index, follow, max-snippet:-1, max-image-preview:large, max-video-preview:-1\" \/>\n<link rel=\"canonical\" href=\"https:\/\/underbartskapad.com\/sv\/sample-page-svenska\/\" \/>\n<meta property=\"og:locale\" content=\"sv_SE\" \/>\n<meta property=\"og:type\" content=\"article\" \/>\n<meta property=\"og:title\" content=\"- Underbart skapad\" \/>\n<meta property=\"og:url\" content=\"https:\/\/underbartskapad.com\/sv\/sample-page-svenska\/\" \/>\n<meta property=\"og:site_name\" content=\"Underbart skapad\" \/>\n<meta property=\"article:modified_time\" content=\"2024-04-11T10:33:46+00:00\" \/>\n<meta property=\"og:image\" content=\"https:\/\/underbartskapad.com\/wp-content\/uploads\/2024\/03\/Underbartskapad-1024x1024.png\" \/>\n<meta name=\"twitter:card\" content=\"summary_large_image\" \/>\n<meta name=\"twitter:label1\" content=\"Ber\u00e4knad l\u00e4stid\" \/>\n\t<meta name=\"twitter:data1\" content=\"3 minuter\" \/>\n<script type=\"application\/ld+json\" class=\"yoast-schema-graph\">{\"@context\":\"https:\\\/\\\/schema.org\",\"@graph\":[{\"@type\":\"WebPage\",\"@id\":\"https:\\\/\\\/underbartskapad.com\\\/sv\\\/sample-page-svenska\\\/\",\"url\":\"https:\\\/\\\/underbartskapad.com\\\/sv\\\/sample-page-svenska\\\/\",\"name\":\"- Underbart skapad\",\"isPartOf\":{\"@id\":\"https:\\\/\\\/underbartskapad.com\\\/sv\\\/#website\"},\"primaryImageOfPage\":{\"@id\":\"https:\\\/\\\/underbartskapad.com\\\/sv\\\/sample-page-svenska\\\/#primaryimage\"},\"image\":{\"@id\":\"https:\\\/\\\/underbartskapad.com\\\/sv\\\/sample-page-svenska\\\/#primaryimage\"},\"thumbnailUrl\":\"https:\\\/\\\/underbartskapad.com\\\/wp-content\\\/uploads\\\/2024\\\/03\\\/Underbartskapad-1024x1024.png\",\"datePublished\":\"2020-08-28T19:31:26+00:00\",\"dateModified\":\"2024-04-11T10:33:46+00:00\",\"breadcrumb\":{\"@id\":\"https:\\\/\\\/underbartskapad.com\\\/sv\\\/sample-page-svenska\\\/#breadcrumb\"},\"inLanguage\":\"sv-SE\",\"potentialAction\":[{\"@type\":\"ReadAction\",\"target\":[\"https:\\\/\\\/underbartskapad.com\\\/sv\\\/sample-page-svenska\\\/\"]}]},{\"@type\":\"ImageObject\",\"inLanguage\":\"sv-SE\",\"@id\":\"https:\\\/\\\/underbartskapad.com\\\/sv\\\/sample-page-svenska\\\/#primaryimage\",\"url\":\"https:\\\/\\\/underbartskapad.com\\\/wp-content\\\/uploads\\\/2024\\\/03\\\/Underbartskapad-1024x1024.png\",\"contentUrl\":\"https:\\\/\\\/underbartskapad.com\\\/wp-content\\\/uploads\\\/2024\\\/03\\\/Underbartskapad-1024x1024.png\"},{\"@type\":\"BreadcrumbList\",\"@id\":\"https:\\\/\\\/underbartskapad.com\\\/sv\\\/sample-page-svenska\\\/#breadcrumb\",\"itemListElement\":[{\"@type\":\"ListItem\",\"position\":1,\"name\":\"Home\",\"item\":\"https:\\\/\\\/underbartskapad.com\\\/sv\\\/sample-page-svenska\\\/\"},{\"@type\":\"ListItem\",\"position\":2,\"name\":\"Home\"}]},{\"@type\":\"WebSite\",\"@id\":\"https:\\\/\\\/underbartskapad.com\\\/sv\\\/#website\",\"url\":\"https:\\\/\\\/underbartskapad.com\\\/sv\\\/\",\"name\":\"Underbart skapad\",\"description\":\"A creative space with encouraging devotionals.\",\"potentialAction\":[{\"@type\":\"SearchAction\",\"target\":{\"@type\":\"EntryPoint\",\"urlTemplate\":\"https:\\\/\\\/underbartskapad.com\\\/sv\\\/?s={search_term_string}\"},\"query-input\":{\"@type\":\"PropertyValueSpecification\",\"valueRequired\":true,\"valueName\":\"search_term_string\"}}],\"inLanguage\":\"sv-SE\"}]}<\/script>\n<!-- \/ Yoast SEO plugin. -->","yoast_head_json":{"title":"- Underbart skapad","robots":{"index":"index","follow":"follow","max-snippet":"max-snippet:-1","max-image-preview":"max-image-preview:large","max-video-preview":"max-video-preview:-1"},"canonical":"https:\/\/underbartskapad.com\/sv\/sample-page-svenska\/","og_locale":"sv_SE","og_type":"article","og_title":"- Underbart skapad","og_url":"https:\/\/underbartskapad.com\/sv\/sample-page-svenska\/","og_site_name":"Underbart skapad","article_modified_time":"2024-04-11T10:33:46+00:00","og_image":[{"url":"https:\/\/underbartskapad.com\/wp-content\/uploads\/2024\/03\/Underbartskapad-1024x1024.png","type":"","width":"","height":""}],"twitter_card":"summary_large_image","twitter_misc":{"Ber\u00e4knad l\u00e4stid":"3 minuter"},"schema":{"@context":"https:\/\/schema.org","@graph":[{"@type":"WebPage","@id":"https:\/\/underbartskapad.com\/sv\/sample-page-svenska\/","url":"https:\/\/underbartskapad.com\/sv\/sample-page-svenska\/","name":"- Underbart skapad","isPartOf":{"@id":"https:\/\/underbartskapad.com\/sv\/#website"},"primaryImageOfPage":{"@id":"https:\/\/underbartskapad.com\/sv\/sample-page-svenska\/#primaryimage"},"image":{"@id":"https:\/\/underbartskapad.com\/sv\/sample-page-svenska\/#primaryimage"},"thumbnailUrl":"https:\/\/underbartskapad.com\/wp-content\/uploads\/2024\/03\/Underbartskapad-1024x1024.png","datePublished":"2020-08-28T19:31:26+00:00","dateModified":"2024-04-11T10:33:46+00:00","breadcrumb":{"@id":"https:\/\/underbartskapad.com\/sv\/sample-page-svenska\/#breadcrumb"},"inLanguage":"sv-SE","potentialAction":[{"@type":"ReadAction","target":["https:\/\/underbartskapad.com\/sv\/sample-page-svenska\/"]}]},{"@type":"ImageObject","inLanguage":"sv-SE","@id":"https:\/\/underbartskapad.com\/sv\/sample-page-svenska\/#primaryimage","url":"https:\/\/underbartskapad.com\/wp-content\/uploads\/2024\/03\/Underbartskapad-1024x1024.png","contentUrl":"https:\/\/underbartskapad.com\/wp-content\/uploads\/2024\/03\/Underbartskapad-1024x1024.png"},{"@type":"BreadcrumbList","@id":"https:\/\/underbartskapad.com\/sv\/sample-page-svenska\/#breadcrumb","itemListElement":[{"@type":"ListItem","position":1,"name":"Home","item":"https:\/\/underbartskapad.com\/sv\/sample-page-svenska\/"},{"@type":"ListItem","position":2,"name":"Home"}]},{"@type":"WebSite","@id":"https:\/\/underbartskapad.com\/sv\/#website","url":"https:\/\/underbartskapad.com\/sv\/","name":"Underbart skapad","description":"A creative space with encouraging devotionals.","potentialAction":[{"@type":"SearchAction","target":{"@type":"EntryPoint","urlTemplate":"https:\/\/underbartskapad.com\/sv\/?s={search_term_string}"},"query-input":{"@type":"PropertyValueSpecification","valueRequired":true,"valueName":"search_term_string"}}],"inLanguage":"sv-SE"}]}},"jetpack_sharing_enabled":true,"jetpack_shortlink":"https:\/\/wp.me\/PcjB0R-2o","_links":{"self":[{"href":"https:\/\/underbartskapad.com\/sv\/wp-json\/wp\/v2\/pages\/148","targetHints":{"allow":["GET"]}}],"collection":[{"href":"https:\/\/underbartskapad.com\/sv\/wp-json\/wp\/v2\/pages"}],"about":[{"href":"https:\/\/underbartskapad.com\/sv\/wp-json\/wp\/v2\/types\/page"}],"author":[{"embeddable":true,"href":"https:\/\/underbartskapad.com\/sv\/wp-json\/wp\/v2\/users\/2"}],"replies":[{"embeddable":true,"href":"https:\/\/underbartskapad.com\/sv\/wp-json\/wp\/v2\/comments?post=148"}],"version-history":[{"count":4,"href":"https:\/\/underbartskapad.com\/sv\/wp-json\/wp\/v2\/pages\/148\/revisions"}],"predecessor-version":[{"id":3991,"href":"https:\/\/underbartskapad.com\/sv\/wp-json\/wp\/v2\/pages\/148\/revisions\/3991"}],"wp:attachment":[{"href":"https:\/\/underbartskapad.com\/sv\/wp-json\/wp\/v2\/media?parent=148"}],"curies":[{"name":"wp","href":"https:\/\/api.w.org\/{rel}","templated":true}]}}