{"id":2455,"date":"2022-08-31T09:24:32","date_gmt":"2022-08-31T09:24:32","guid":{"rendered":"https:\/\/underbartskapad.com\/?page_id=2455"},"modified":"2022-08-31T09:24:35","modified_gmt":"2022-08-31T09:24:35","slug":"kontakta-oss","status":"publish","type":"page","link":"https:\/\/underbartskapad.com\/sv\/kontakta-oss\/","title":{"rendered":"Kontakta Oss"},"content":{"rendered":"<p>Kontakta oss g\u00e4rna via email om du har n\u00e5gra fr\u00e5gor eller funderingar.<\/p>\n\n\n\n<p>Email: underbartskapad@gmail.com<\/p>","protected":false},"excerpt":{"rendered":"<p>Kontakta oss g\u00e4rna via email om du har n\u00e5gra fr\u00e5gor eller funderingar. Email: underbartskapad@gmail.com<\/p>","protected":false},"author":2,"featured_media":0,"parent":0,"menu_order":0,"comment_status":"closed","ping_status":"closed","template":"","meta":{"nf_dc_page":"","om_disable_all_campaigns":false,"_monsterinsights_skip_tracking":false,"_monsterinsights_sitenote_active":false,"_monsterinsights_sitenote_note":"","_monsterinsights_sitenote_category":0,"_uf_show_specific_survey":0,"_uf_disable_surveys":false,"footnotes":""},"class_list":["post-2455","page","type-page","status-publish","hentry"],"yoast_head":"<!-- This site is optimized with the Yoast SEO plugin v27.4 - https:\/\/yoast.com\/product\/yoast-seo-wordpress\/ -->\n<title>Kontakta Oss - Underbart skapad<\/title>\n<meta name=\"robots\" content=\"index, follow, max-snippet:-1, max-image-preview:large, max-video-preview:-1\" \/>\n<link rel=\"canonical\" href=\"https:\/\/underbartskapad.com\/sv\/kontakta-oss\/\" \/>\n<meta property=\"og:locale\" content=\"sv_SE\" \/>\n<meta property=\"og:type\" content=\"article\" \/>\n<meta property=\"og:title\" content=\"Kontakta Oss - Underbart skapad\" \/>\n<meta property=\"og:description\" content=\"Kontakta oss g\u00e4rna via email om du har n\u00e5gra fr\u00e5gor eller funderingar. Email: underbartskapad@gmail.com\" \/>\n<meta property=\"og:url\" content=\"https:\/\/underbartskapad.com\/sv\/kontakta-oss\/\" \/>\n<meta property=\"og:site_name\" content=\"Underbart skapad\" \/>\n<meta property=\"article:modified_time\" content=\"2022-08-31T09:24:35+00:00\" \/>\n<meta name=\"twitter:card\" content=\"summary_large_image\" \/>\n<meta name=\"twitter:label1\" content=\"Ber\u00e4knad l\u00e4stid\" \/>\n\t<meta name=\"twitter:data1\" content=\"1 minut\" \/>\n<script type=\"application\/ld+json\" class=\"yoast-schema-graph\">{\"@context\":\"https:\\\/\\\/schema.org\",\"@graph\":[{\"@type\":\"WebPage\",\"@id\":\"https:\\\/\\\/underbartskapad.com\\\/sv\\\/kontakta-oss\\\/\",\"url\":\"https:\\\/\\\/underbartskapad.com\\\/sv\\\/kontakta-oss\\\/\",\"name\":\"Kontakta Oss - Underbart skapad\",\"isPartOf\":{\"@id\":\"https:\\\/\\\/underbartskapad.com\\\/sv\\\/#website\"},\"datePublished\":\"2022-08-31T09:24:32+00:00\",\"dateModified\":\"2022-08-31T09:24:35+00:00\",\"breadcrumb\":{\"@id\":\"https:\\\/\\\/underbartskapad.com\\\/sv\\\/kontakta-oss\\\/#breadcrumb\"},\"inLanguage\":\"sv-SE\",\"potentialAction\":[{\"@type\":\"ReadAction\",\"target\":[\"https:\\\/\\\/underbartskapad.com\\\/sv\\\/kontakta-oss\\\/\"]}]},{\"@type\":\"BreadcrumbList\",\"@id\":\"https:\\\/\\\/underbartskapad.com\\\/sv\\\/kontakta-oss\\\/#breadcrumb\",\"itemListElement\":[{\"@type\":\"ListItem\",\"position\":1,\"name\":\"Home\",\"item\":\"https:\\\/\\\/underbartskapad.com\\\/sv\\\/sample-page-svenska\\\/\"},{\"@type\":\"ListItem\",\"position\":2,\"name\":\"Kontakta Oss\"}]},{\"@type\":\"WebSite\",\"@id\":\"https:\\\/\\\/underbartskapad.com\\\/sv\\\/#website\",\"url\":\"https:\\\/\\\/underbartskapad.com\\\/sv\\\/\",\"name\":\"Underbart skapad\",\"description\":\"A creative space with encouraging devotionals.\",\"potentialAction\":[{\"@type\":\"SearchAction\",\"target\":{\"@type\":\"EntryPoint\",\"urlTemplate\":\"https:\\\/\\\/underbartskapad.com\\\/sv\\\/?s={search_term_string}\"},\"query-input\":{\"@type\":\"PropertyValueSpecification\",\"valueRequired\":true,\"valueName\":\"search_term_string\"}}],\"inLanguage\":\"sv-SE\"}]}<\/script>\n<!-- \/ Yoast SEO plugin. -->","yoast_head_json":{"title":"Kontakta Oss - Underbart skapad","robots":{"index":"index","follow":"follow","max-snippet":"max-snippet:-1","max-image-preview":"max-image-preview:large","max-video-preview":"max-video-preview:-1"},"canonical":"https:\/\/underbartskapad.com\/sv\/kontakta-oss\/","og_locale":"sv_SE","og_type":"article","og_title":"Kontakta Oss - Underbart skapad","og_description":"Kontakta oss g\u00e4rna via email om du har n\u00e5gra fr\u00e5gor eller funderingar. Email: underbartskapad@gmail.com","og_url":"https:\/\/underbartskapad.com\/sv\/kontakta-oss\/","og_site_name":"Underbart skapad","article_modified_time":"2022-08-31T09:24:35+00:00","twitter_card":"summary_large_image","twitter_misc":{"Ber\u00e4knad l\u00e4stid":"1 minut"},"schema":{"@context":"https:\/\/schema.org","@graph":[{"@type":"WebPage","@id":"https:\/\/underbartskapad.com\/sv\/kontakta-oss\/","url":"https:\/\/underbartskapad.com\/sv\/kontakta-oss\/","name":"Kontakta Oss - Underbart skapad","isPartOf":{"@id":"https:\/\/underbartskapad.com\/sv\/#website"},"datePublished":"2022-08-31T09:24:32+00:00","dateModified":"2022-08-31T09:24:35+00:00","breadcrumb":{"@id":"https:\/\/underbartskapad.com\/sv\/kontakta-oss\/#breadcrumb"},"inLanguage":"sv-SE","potentialAction":[{"@type":"ReadAction","target":["https:\/\/underbartskapad.com\/sv\/kontakta-oss\/"]}]},{"@type":"BreadcrumbList","@id":"https:\/\/underbartskapad.com\/sv\/kontakta-oss\/#breadcrumb","itemListElement":[{"@type":"ListItem","position":1,"name":"Home","item":"https:\/\/underbartskapad.com\/sv\/sample-page-svenska\/"},{"@type":"ListItem","position":2,"name":"Kontakta Oss"}]},{"@type":"WebSite","@id":"https:\/\/underbartskapad.com\/sv\/#website","url":"https:\/\/underbartskapad.com\/sv\/","name":"Underbart skapad","description":"A creative space with encouraging devotionals.","potentialAction":[{"@type":"SearchAction","target":{"@type":"EntryPoint","urlTemplate":"https:\/\/underbartskapad.com\/sv\/?s={search_term_string}"},"query-input":{"@type":"PropertyValueSpecification","valueRequired":true,"valueName":"search_term_string"}}],"inLanguage":"sv-SE"}]}},"jetpack_sharing_enabled":true,"jetpack_shortlink":"https:\/\/wp.me\/PcjB0R-DB","_links":{"self":[{"href":"https:\/\/underbartskapad.com\/sv\/wp-json\/wp\/v2\/pages\/2455","targetHints":{"allow":["GET"]}}],"collection":[{"href":"https:\/\/underbartskapad.com\/sv\/wp-json\/wp\/v2\/pages"}],"about":[{"href":"https:\/\/underbartskapad.com\/sv\/wp-json\/wp\/v2\/types\/page"}],"author":[{"embeddable":true,"href":"https:\/\/underbartskapad.com\/sv\/wp-json\/wp\/v2\/users\/2"}],"replies":[{"embeddable":true,"href":"https:\/\/underbartskapad.com\/sv\/wp-json\/wp\/v2\/comments?post=2455"}],"version-history":[{"count":1,"href":"https:\/\/underbartskapad.com\/sv\/wp-json\/wp\/v2\/pages\/2455\/revisions"}],"predecessor-version":[{"id":2456,"href":"https:\/\/underbartskapad.com\/sv\/wp-json\/wp\/v2\/pages\/2455\/revisions\/2456"}],"wp:attachment":[{"href":"https:\/\/underbartskapad.com\/sv\/wp-json\/wp\/v2\/media?parent=2455"}],"curies":[{"name":"wp","href":"https:\/\/api.w.org\/{rel}","templated":true}]}}